{"id":762,"date":"2024-09-12T10:15:11","date_gmt":"2024-09-12T10:15:11","guid":{"rendered":"https:\/\/education.carraro-lab.com\/tarifas\/"},"modified":"2025-05-06T14:06:45","modified_gmt":"2025-05-06T14:06:45","slug":"tarifas","status":"publish","type":"page","link":"https:\/\/education.carraro-lab.com\/es\/tarifas\/","title":{"rendered":"Tarifas"},"content":{"rendered":"\n  <div id=\"page-header-340692303\" class=\"page-header-wrapper\">\n  <div class=\"page-title dark featured-title\">\n\n    \n    <div class=\"page-title-inner container align-center flex-row medium-flex-wrap\" >\n              <div class=\"title-wrapper flex-col text-left medium-text-center\">\n          <h1 class=\"entry-title mb-0\">\n            Tarifas          <\/h1>\n        <\/div>\n                    <div class=\"title-content flex-col flex-right text-right medium-text-center\">\n        <div class=\"title-breadcrumbs pb-half pt-half\"><\/div>      <\/div>\n    <\/div>\n\n       <\/div>\n    <\/div>\n  \n\n\n\t<section class=\"section\" id=\"section_1460832098\">\n\t\t<div class=\"section-bg fill\" >\n\t\t\t\t\t\t\t\t\t\n\t\t\t\n\n\t\t<\/div>\n\n\t\t\n\n\t\t<div class=\"section-content relative\">\n\t\t\t\n\n<div class=\"row\"  id=\"row-1863313658\">\n\n\n\t<div id=\"col-1538755247\" class=\"col small-12 large-12\"  >\n\t\t\t\t<div class=\"col-inner\"  >\n\t\t\t\n\t\t\t\n\n\n\t\t<\/div>\n\t\t\t\t\t<\/div>\n\n\t\n\n<\/div>\n<div class=\"row align-center\"  id=\"row-230732475\">\n\n\n\t<div id=\"col-1296139854\" class=\"col medium-6 small-12 large-6\"  >\n\t\t\t\t<div class=\"col-inner\"  >\n\t\t\t\n\t\t\t\n\n<div class=\"pricing-table-wrapper\">\n  <div class=\"pricing-table ux_price_table text-center box-shadow-3-hover featured-table\">\n    <div class=\"pricing-table-header\">\n      <div class=\"title uppercase strong\">School Lab<\/div>\n      <div class=\"price is-xxlarge\">1500\u20ac<\/div>\n              <div class=\"description is-small\">\n          A\u00f1o + IVA        <\/div>\n          <\/div>\n    <div class=\"pricing-table-items items\">\n      \n\n<p>Dotar a la escuela de un laboratorio de realidad virtual y aumentada, utilizable desde 100 dispositivos: desde PC, tabletas, visores de realidad virtual y grandes proyecciones de hasta 3 pantallas.<\/p>\n<p>Navegue, personalice y cree contenidos organiz\u00e1ndolos por temas.<\/p>\n<div class=\"bullet-item\" title=\"\"><span class=\"text\">Acceso para 100 dispositivos y 100 profesores<\/span><\/div>\n\n<div class=\"bullet-item\" title=\"\"><span class=\"text\">Licencia por 1 a\u00f1o. Facturaci\u00f3n anual <\/span><\/div>\n\n<div class=\"bullet-item\" title=\"\"><span class=\"text\">Editor XR: utilizaci\u00f3n, edici\u00f3n y creaci\u00f3n de contenidos<\/span><\/div>\n\n<div class=\"bullet-item\" title=\"\"><span class=\"text\">XR library: Lecciones inmersivas personalizables<\/span><\/div>\n\n<div class=\"bullet-item\" title=\"\"><span class=\"text\">XR pedia: recursos de RV y RA seleccionados de la red<\/span><\/div>\n\n<div class=\"bullet-item\" title=\"\"><span class=\"text\">XR training: formaci\u00f3n de profesores<\/span><\/div>\n\n<div class=\"bullet-item\" title=\"\"><span class=\"text\">XR meeting: intercambio guiado e interactivo de contenidos inmersivos en l\u00ednea<\/span><\/div>\n\n<div class=\"bullet-item\" title=\"\"><span class=\"text\">XR metaverse: acceso avatar a laboratorios educativos en Spatial.io<\/span><\/div>\n\n\n    <\/div>\n      <\/div>\n<\/div>\n\n\n\n\t\t<\/div>\n\t\t\t\t\t<\/div>\n\n\t\n\n<\/div>\n\n\t\t<\/div>\n\n\t\t\n<style>\n#section_1460832098 {\n  padding-top: 60px;\n  padding-bottom: 60px;\n}\n<\/style>\n\t<\/section>\n\t\n\n\t<section class=\"section has-parallax\" id=\"section_1634356860\">\n\t\t<div class=\"section-bg fill\" data-parallax-container=\".section\" data-parallax-background data-parallax=\"-5\">\n\t\t\t<img loading=\"lazy\" decoding=\"async\" width=\"2912\" height=\"1632\" src=\"https:\/\/education.carraro-lab.com\/wp-content\/uploads\/2024\/09\/triplo-schermo-caravella-2.png\" class=\"bg attachment- size-\" alt=\"\" \/>\t\t\t\t\t\t\n\t\t\t\n\n\t\t<\/div>\n\n\t\t\n\n\t\t<div class=\"section-content relative\">\n\t\t\t\n\n\t<div id=\"gap-770585349\" class=\"gap-element clearfix\" style=\"display:block; height:auto;\">\n\t\t\n<style>\n#gap-770585349 {\n  padding-top: 30px;\n}\n<\/style>\n\t<\/div>\n\t\n\n<div class=\"row\"  id=\"row-833924501\">\n\n\n\t<div id=\"col-1591460106\" class=\"col small-12 large-12\"  >\n\t\t\t\t<div class=\"col-inner dark\" style=\"background-color:rgba(45, 45, 45, 0.9);\" >\n\t\t\t\n\t\t\t\n\n<div class=\"row align-middle align-center\"  id=\"row-1495984878\">\n\n\n\t<div id=\"col-1975597063\" class=\"col medium-9 small-12 large-6\"  >\n\t\t\t\t<div class=\"col-inner text-center\"  >\n\t\t\t\n\t\t\t\n\n\t<div id=\"text-1629458704\" class=\"text\">\n\t\t\n\n<h2>Solicitar informaci\u00f3n<\/h2>\n\t\t\n<style>\n#text-1629458704 {\n  font-size: 1.5rem;\n}\n<\/style>\n\t<\/div>\n\t\n<p>Si desea informaci\u00f3n sobre nuestras soluciones, rellene el formulario y nuestro personal se pondr\u00e1 en contacto con usted lo antes posible.<\/p>\n\n\t\t<\/div>\n\t\t\t\t\n<style>\n#col-1975597063 > .col-inner {\n  padding: 0px 0px 0px 0px;\n}\n@media (min-width:550px) {\n  #col-1975597063 > .col-inner {\n    padding: 40px 0px 0px 0px;\n  }\n}\n@media (min-width:850px) {\n  #col-1975597063 > .col-inner {\n    padding: 0px 10% 0px 5%;\n  }\n}\n<\/style>\n\t<\/div>\n\n\t\n\n\t<div id=\"col-711717288\" class=\"col form-flat medium-12 small-12 large-6\"  >\n\t\t\t\t<div class=\"col-inner\"  >\n\t\t\t\n\t\t\t\n\n\n<div class=\"wpcf7 no-js\" id=\"wpcf7-f767-o1\" lang=\"es-ES\" dir=\"ltr\">\n<div class=\"screen-reader-response\"><p role=\"status\" aria-live=\"polite\" aria-atomic=\"true\"><\/p> <ul><\/ul><\/div>\n<form action=\"\/es\/wp-json\/wp\/v2\/pages\/762#wpcf7-f767-o1\" method=\"post\" class=\"wpcf7-form init\" aria-label=\"Formulario de contacto\" novalidate=\"novalidate\" data-status=\"init\">\n<div style=\"display: none;\">\n<input type=\"hidden\" name=\"_wpcf7\" value=\"767\" \/>\n<input type=\"hidden\" name=\"_wpcf7_version\" value=\"5.9.8\" \/>\n<input type=\"hidden\" name=\"_wpcf7_locale\" value=\"es_ES\" \/>\n<input type=\"hidden\" name=\"_wpcf7_unit_tag\" value=\"wpcf7-f767-o1\" \/>\n<input type=\"hidden\" name=\"_wpcf7_container_post\" value=\"0\" \/>\n<input type=\"hidden\" name=\"_wpcf7_posted_data_hash\" value=\"\" \/>\n<\/div>\n<p><label> Correo electr\u00f3nico<br \/>\n<span class=\"wpcf7-form-control-wrap\" data-name=\"your-email\"><input size=\"40\" maxlength=\"400\" class=\"wpcf7-form-control wpcf7-email wpcf7-validates-as-required wpcf7-text wpcf7-validates-as-email\" autocomplete=\"email\" aria-required=\"true\" aria-invalid=\"false\" value=\"\" type=\"email\" name=\"your-email\" \/><\/span> <\/label>\n<\/p>\n<p><label> Mensaje<br \/>\n<span class=\"wpcf7-form-control-wrap\" data-name=\"your-message\"><textarea cols=\"40\" rows=\"10\" maxlength=\"2000\" class=\"wpcf7-form-control wpcf7-textarea\" aria-invalid=\"false\" name=\"your-message\"><\/textarea><\/span> <\/label>\n<\/p>\n<p><span class=\"wpcf7-form-control-wrap\" data-name=\"acceptance-772\"><span class=\"wpcf7-form-control wpcf7-acceptance\"><span class=\"wpcf7-list-item\"><label><input type=\"checkbox\" name=\"acceptance-772\" value=\"1\" aria-invalid=\"false\" \/><span class=\"wpcf7-list-item-label\">Aceptaci\u00f3n <a href=\"https:\/\/www.iubenda.com\/privacy-policy\/56261263\" target=\"_blank\">Pol\u00edtica de privacidad<\/a><\/span><\/label><\/span><\/span><\/span>\n<\/p>\n<p><input class=\"wpcf7-form-control wpcf7-submit has-spinner\" type=\"submit\" value=\"Enviar\" \/>\n<\/p><div class=\"wpcf7-response-output\" aria-hidden=\"true\"><\/div>\n<\/form>\n<\/div>\n\n\n\n\t\t<\/div>\n\t\t\t\t\n<style>\n#col-711717288 > .col-inner {\n  margin: 20px 0px 0px 0px;\n}\n<\/style>\n\t<\/div>\n\n\t\n\n<\/div>\n\n\t\t<\/div>\n\t\t\t\t\n<style>\n#col-1591460106 > .col-inner {\n  padding: 50px 30px 0px 30px;\n  border-radius: 10px;\n}\n@media (min-width:550px) {\n  #col-1591460106 > .col-inner {\n    padding: 30px 30px 0px 30px;\n  }\n}\n@media (min-width:850px) {\n  #col-1591460106 > .col-inner {\n    padding: 60px 60px 20px 60px;\n  }\n}\n<\/style>\n\t<\/div>\n\n\t\n\n<\/div>\n\n\t\t<\/div>\n\n\t\t\n<style>\n#section_1634356860 {\n  padding-top: 80px;\n  padding-bottom: 80px;\n  min-height: 450px;\n}\n#section_1634356860 .section-bg img {\n  object-position: 50% 44%;\n}\n<\/style>\n\t<\/section>\n\t\n\n","protected":false},"excerpt":{"rendered":"","protected":false},"author":1,"featured_media":0,"parent":0,"menu_order":0,"comment_status":"closed","ping_status":"closed","template":"","meta":{"footnotes":""},"class_list":["post-762","page","type-page","status-publish","hentry"],"yoast_head":"<!-- This site is optimized with the Yoast SEO plugin v23.5 - https:\/\/yoast.com\/wordpress\/plugins\/seo\/ -->\n<title>Tarifas - Carraro Lab Education<\/title>\n<meta name=\"robots\" content=\"index, follow, max-snippet:-1, max-image-preview:large, max-video-preview:-1\" \/>\n<link rel=\"canonical\" href=\"https:\/\/education.carraro-lab.com\/es\/tarifas\/\" \/>\n<meta property=\"og:locale\" content=\"es_ES\" \/>\n<meta property=\"og:type\" content=\"article\" \/>\n<meta property=\"og:title\" content=\"Tarifas - Carraro Lab Education\" \/>\n<meta property=\"og:url\" content=\"https:\/\/education.carraro-lab.com\/es\/tarifas\/\" \/>\n<meta property=\"og:site_name\" content=\"Carraro Lab Education\" \/>\n<meta property=\"article:publisher\" content=\"https:\/\/www.facebook.com\/people\/Carrarolab\/100065216100165\/\" \/>\n<meta property=\"article:modified_time\" content=\"2025-05-06T14:06:45+00:00\" \/>\n<meta name=\"twitter:card\" content=\"summary_large_image\" \/>\n<meta name=\"twitter:label1\" content=\"Tiempo de lectura\" \/>\n\t<meta name=\"twitter:data1\" content=\"1 minuto\" \/>\n<script type=\"application\/ld+json\" class=\"yoast-schema-graph\">{\"@context\":\"https:\/\/schema.org\",\"@graph\":[{\"@type\":\"WebPage\",\"@id\":\"https:\/\/education.carraro-lab.com\/es\/tarifas\/\",\"url\":\"https:\/\/education.carraro-lab.com\/es\/tarifas\/\",\"name\":\"Tarifas - Carraro Lab Education\",\"isPartOf\":{\"@id\":\"https:\/\/education.carraro-lab.com\/#website\"},\"datePublished\":\"2024-09-12T10:15:11+00:00\",\"dateModified\":\"2025-05-06T14:06:45+00:00\",\"breadcrumb\":{\"@id\":\"https:\/\/education.carraro-lab.com\/es\/tarifas\/#breadcrumb\"},\"inLanguage\":\"es\",\"potentialAction\":[{\"@type\":\"ReadAction\",\"target\":[\"https:\/\/education.carraro-lab.com\/es\/tarifas\/\"]}]},{\"@type\":\"BreadcrumbList\",\"@id\":\"https:\/\/education.carraro-lab.com\/es\/tarifas\/#breadcrumb\",\"itemListElement\":[{\"@type\":\"ListItem\",\"position\":1,\"name\":\"Home\",\"item\":\"https:\/\/education.carraro-lab.com\/es\/\"},{\"@type\":\"ListItem\",\"position\":2,\"name\":\"Tarifas\"}]},{\"@type\":\"WebSite\",\"@id\":\"https:\/\/education.carraro-lab.com\/#website\",\"url\":\"https:\/\/education.carraro-lab.com\/\",\"name\":\"Carraro Lab Education\",\"description\":\"\",\"publisher\":{\"@id\":\"https:\/\/education.carraro-lab.com\/#organization\"},\"potentialAction\":[{\"@type\":\"SearchAction\",\"target\":{\"@type\":\"EntryPoint\",\"urlTemplate\":\"https:\/\/education.carraro-lab.com\/?s={search_term_string}\"},\"query-input\":{\"@type\":\"PropertyValueSpecification\",\"valueRequired\":true,\"valueName\":\"search_term_string\"}}],\"inLanguage\":\"es\"},{\"@type\":\"Organization\",\"@id\":\"https:\/\/education.carraro-lab.com\/#organization\",\"name\":\"Carraro Lab Education\",\"url\":\"https:\/\/education.carraro-lab.com\/\",\"logo\":{\"@type\":\"ImageObject\",\"inLanguage\":\"es\",\"@id\":\"https:\/\/education.carraro-lab.com\/#\/schema\/logo\/image\/\",\"url\":\"https:\/\/education.carraro-lab.com\/wp-content\/uploads\/2024\/10\/carraro-lab-education-logo.png\",\"contentUrl\":\"https:\/\/education.carraro-lab.com\/wp-content\/uploads\/2024\/10\/carraro-lab-education-logo.png\",\"width\":1024,\"height\":192,\"caption\":\"Carraro Lab Education\"},\"image\":{\"@id\":\"https:\/\/education.carraro-lab.com\/#\/schema\/logo\/image\/\"},\"sameAs\":[\"https:\/\/www.facebook.com\/people\/Carrarolab\/100065216100165\/\",\"https:\/\/www.linkedin.com\/company\/carraro-lab\/\"]}]}<\/script>\n<!-- \/ Yoast SEO plugin. -->","yoast_head_json":{"title":"Tarifas - Carraro Lab Education","robots":{"index":"index","follow":"follow","max-snippet":"max-snippet:-1","max-image-preview":"max-image-preview:large","max-video-preview":"max-video-preview:-1"},"canonical":"https:\/\/education.carraro-lab.com\/es\/tarifas\/","og_locale":"es_ES","og_type":"article","og_title":"Tarifas - Carraro Lab Education","og_url":"https:\/\/education.carraro-lab.com\/es\/tarifas\/","og_site_name":"Carraro Lab Education","article_publisher":"https:\/\/www.facebook.com\/people\/Carrarolab\/100065216100165\/","article_modified_time":"2025-05-06T14:06:45+00:00","twitter_card":"summary_large_image","twitter_misc":{"Tiempo de lectura":"1 minuto"},"schema":{"@context":"https:\/\/schema.org","@graph":[{"@type":"WebPage","@id":"https:\/\/education.carraro-lab.com\/es\/tarifas\/","url":"https:\/\/education.carraro-lab.com\/es\/tarifas\/","name":"Tarifas - Carraro Lab Education","isPartOf":{"@id":"https:\/\/education.carraro-lab.com\/#website"},"datePublished":"2024-09-12T10:15:11+00:00","dateModified":"2025-05-06T14:06:45+00:00","breadcrumb":{"@id":"https:\/\/education.carraro-lab.com\/es\/tarifas\/#breadcrumb"},"inLanguage":"es","potentialAction":[{"@type":"ReadAction","target":["https:\/\/education.carraro-lab.com\/es\/tarifas\/"]}]},{"@type":"BreadcrumbList","@id":"https:\/\/education.carraro-lab.com\/es\/tarifas\/#breadcrumb","itemListElement":[{"@type":"ListItem","position":1,"name":"Home","item":"https:\/\/education.carraro-lab.com\/es\/"},{"@type":"ListItem","position":2,"name":"Tarifas"}]},{"@type":"WebSite","@id":"https:\/\/education.carraro-lab.com\/#website","url":"https:\/\/education.carraro-lab.com\/","name":"Carraro Lab Education","description":"","publisher":{"@id":"https:\/\/education.carraro-lab.com\/#organization"},"potentialAction":[{"@type":"SearchAction","target":{"@type":"EntryPoint","urlTemplate":"https:\/\/education.carraro-lab.com\/?s={search_term_string}"},"query-input":{"@type":"PropertyValueSpecification","valueRequired":true,"valueName":"search_term_string"}}],"inLanguage":"es"},{"@type":"Organization","@id":"https:\/\/education.carraro-lab.com\/#organization","name":"Carraro Lab Education","url":"https:\/\/education.carraro-lab.com\/","logo":{"@type":"ImageObject","inLanguage":"es","@id":"https:\/\/education.carraro-lab.com\/#\/schema\/logo\/image\/","url":"https:\/\/education.carraro-lab.com\/wp-content\/uploads\/2024\/10\/carraro-lab-education-logo.png","contentUrl":"https:\/\/education.carraro-lab.com\/wp-content\/uploads\/2024\/10\/carraro-lab-education-logo.png","width":1024,"height":192,"caption":"Carraro Lab Education"},"image":{"@id":"https:\/\/education.carraro-lab.com\/#\/schema\/logo\/image\/"},"sameAs":["https:\/\/www.facebook.com\/people\/Carrarolab\/100065216100165\/","https:\/\/www.linkedin.com\/company\/carraro-lab\/"]}]}},"_links":{"self":[{"href":"https:\/\/education.carraro-lab.com\/es\/wp-json\/wp\/v2\/pages\/762"}],"collection":[{"href":"https:\/\/education.carraro-lab.com\/es\/wp-json\/wp\/v2\/pages"}],"about":[{"href":"https:\/\/education.carraro-lab.com\/es\/wp-json\/wp\/v2\/types\/page"}],"author":[{"embeddable":true,"href":"https:\/\/education.carraro-lab.com\/es\/wp-json\/wp\/v2\/users\/1"}],"replies":[{"embeddable":true,"href":"https:\/\/education.carraro-lab.com\/es\/wp-json\/wp\/v2\/comments?post=762"}],"version-history":[{"count":2,"href":"https:\/\/education.carraro-lab.com\/es\/wp-json\/wp\/v2\/pages\/762\/revisions"}],"predecessor-version":[{"id":837,"href":"https:\/\/education.carraro-lab.com\/es\/wp-json\/wp\/v2\/pages\/762\/revisions\/837"}],"wp:attachment":[{"href":"https:\/\/education.carraro-lab.com\/es\/wp-json\/wp\/v2\/media?parent=762"}],"curies":[{"name":"wp","href":"https:\/\/api.w.org\/{rel}","templated":true}]}}