{"id":614,"date":"2024-09-12T10:15:11","date_gmt":"2024-09-12T10:15:11","guid":{"rendered":"https:\/\/education.carraro-lab.com\/preis-liste\/"},"modified":"2025-05-06T14:06:31","modified_gmt":"2025-05-06T14:06:31","slug":"preis-liste","status":"publish","type":"page","link":"https:\/\/education.carraro-lab.com\/de\/preis-liste\/","title":{"rendered":"Preis Liste"},"content":{"rendered":"\n  <div id=\"page-header-915059827\" class=\"page-header-wrapper\">\n  <div class=\"page-title dark featured-title\">\n\n    \n    <div class=\"page-title-inner container align-center flex-row medium-flex-wrap\" >\n              <div class=\"title-wrapper flex-col text-left medium-text-center\">\n          <h1 class=\"entry-title mb-0\">\n            Preis Liste          <\/h1>\n        <\/div>\n                    <div class=\"title-content flex-col flex-right text-right medium-text-center\">\n        <div class=\"title-breadcrumbs pb-half pt-half\"><\/div>      <\/div>\n    <\/div>\n\n       <\/div>\n    <\/div>\n  \n\n\n\t<section class=\"section\" id=\"section_1869752727\">\n\t\t<div class=\"section-bg fill\" >\n\t\t\t\t\t\t\t\t\t\n\t\t\t\n\n\t\t<\/div>\n\n\t\t\n\n\t\t<div class=\"section-content relative\">\n\t\t\t\n\n<div class=\"row\"  id=\"row-719845946\">\n\n\n\t<div id=\"col-1107264321\" class=\"col small-12 large-12\"  >\n\t\t\t\t<div class=\"col-inner\"  >\n\t\t\t\n\t\t\t\n\n\n\t\t<\/div>\n\t\t\t\t\t<\/div>\n\n\t\n\n<\/div>\n<div class=\"row align-center\"  id=\"row-264266689\">\n\n\n\t<div id=\"col-2013985023\" class=\"col medium-6 small-12 large-6\"  >\n\t\t\t\t<div class=\"col-inner\"  >\n\t\t\t\n\t\t\t\n\n<div class=\"pricing-table-wrapper\">\n  <div class=\"pricing-table ux_price_table text-center box-shadow-3-hover featured-table\">\n    <div class=\"pricing-table-header\">\n      <div class=\"title uppercase strong\">School Lab<\/div>\n      <div class=\"price is-xxlarge\">1500\u20ac<\/div>\n              <div class=\"description is-small\">\n          -        <\/div>\n          <\/div>\n    <div class=\"pricing-table-items items\">\n      \n\n<p>Ausstattung der Schule mit einem Labor f\u00fcr virtuelle und erweiterte Realit\u00e4t, das von 100 Ger\u00e4ten aus genutzt werden kann: von PCs, Tablets, Virtual-Reality-Viewern und Gro\u00dfprojektionen mit bis zu 3 Bildschirmen.<\/p>\n<p>Sie k\u00f6nnen Inhalte durchsuchen, anpassen und erstellen, indem Sie sie nach Themen sortieren.<\/p>\n<div class=\"bullet-item\" title=\"\"><span class=\"text\">Zugang f\u00fcr 100 Ger\u00e4te und 100 Lehrer<\/span><\/div>\n\n<div class=\"bullet-item\" title=\"\"><span class=\"text\">Lizenz f\u00fcr 1 Jahr. J\u00e4hrliche Abrechnung <\/span><\/div>\n\n<div class=\"bullet-item\" title=\"\"><span class=\"text\">XR Editor: Nutzung, Bearbeitung und Erstellung von Inhalten<\/span><\/div>\n\n<div class=\"bullet-item\" title=\"\"><span class=\"text\">XR Library: Individuell anpassbare immersive Lektionen<\/span><\/div>\n\n<div class=\"bullet-item\" title=\"\"><span class=\"text\">XR pedia: VR- und AR-Ressourcen aus dem Netzwerk<\/span><\/div>\n\n<div class=\"bullet-item\" title=\"\"><span class=\"text\">XR Training: Schulungsumgebung f\u00fcr Lehrer<\/span><\/div>\n\n<div class=\"bullet-item\" title=\"\"><span class=\"text\">XR Meeting: gef\u00fchrter und interaktiver Austausch von immersiven Inhalten online<\/span><\/div>\n\n<div class=\"bullet-item\" title=\"\"><span class=\"text\">XR Metaverse: Avatar-Zugang zu Bildungsworkshops in Spatial.io<\/span><\/div>\n\n\n    <\/div>\n      <\/div>\n<\/div>\n\n\n\n\t\t<\/div>\n\t\t\t\t\t<\/div>\n\n\t\n\n<\/div>\n\n\t\t<\/div>\n\n\t\t\n<style>\n#section_1869752727 {\n  padding-top: 60px;\n  padding-bottom: 60px;\n}\n<\/style>\n\t<\/section>\n\t\n\n\t<section class=\"section has-parallax\" id=\"section_1183668817\">\n\t\t<div class=\"section-bg fill\" data-parallax-container=\".section\" data-parallax-background data-parallax=\"-5\">\n\t\t\t<img loading=\"lazy\" decoding=\"async\" width=\"2912\" height=\"1632\" src=\"https:\/\/education.carraro-lab.com\/wp-content\/uploads\/2024\/09\/triplo-schermo-caravella-2.png\" class=\"bg attachment- size-\" alt=\"\" \/>\t\t\t\t\t\t\n\t\t\t\n\n\t\t<\/div>\n\n\t\t\n\n\t\t<div class=\"section-content relative\">\n\t\t\t\n\n\t<div id=\"gap-209659759\" class=\"gap-element clearfix\" style=\"display:block; height:auto;\">\n\t\t\n<style>\n#gap-209659759 {\n  padding-top: 30px;\n}\n<\/style>\n\t<\/div>\n\t\n\n<div class=\"row\"  id=\"row-1133146325\">\n\n\n\t<div id=\"col-687820231\" class=\"col small-12 large-12\"  >\n\t\t\t\t<div class=\"col-inner dark\" style=\"background-color:rgba(45, 45, 45, 0.9);\" >\n\t\t\t\n\t\t\t\n\n<div class=\"row align-middle align-center\"  id=\"row-253166354\">\n\n\n\t<div id=\"col-934039286\" class=\"col medium-9 small-12 large-6\"  >\n\t\t\t\t<div class=\"col-inner text-center\"  >\n\t\t\t\n\t\t\t\n\n\t<div id=\"text-2381848984\" class=\"text\">\n\t\t\n\n<h2>Weitere Informationen<\/h2>\n\t\t\n<style>\n#text-2381848984 {\n  font-size: 1.5rem;\n}\n<\/style>\n\t<\/div>\n\t\n<p>Wenn Sie Informationen zu unseren L\u00f6sungen w\u00fcnschen, f\u00fcllen Sie bitte das Formular aus und unsere Mitarbeiter werden sich so schnell wie m\u00f6glich mit Ihnen in Verbindung setzen.<\/p>\n\n\t\t<\/div>\n\t\t\t\t\n<style>\n#col-934039286 > .col-inner {\n  padding: 0px 0px 0px 0px;\n}\n@media (min-width:550px) {\n  #col-934039286 > .col-inner {\n    padding: 40px 0px 0px 0px;\n  }\n}\n@media (min-width:850px) {\n  #col-934039286 > .col-inner {\n    padding: 0px 10% 0px 5%;\n  }\n}\n<\/style>\n\t<\/div>\n\n\t\n\n\t<div id=\"col-865314589\" class=\"col form-flat medium-12 small-12 large-6\"  >\n\t\t\t\t<div class=\"col-inner\"  >\n\t\t\t\n\t\t\t\n\n\n<div class=\"wpcf7 no-js\" id=\"wpcf7-f619-o1\" lang=\"de-DE\" dir=\"ltr\">\n<div class=\"screen-reader-response\"><p role=\"status\" aria-live=\"polite\" aria-atomic=\"true\"><\/p> <ul><\/ul><\/div>\n<form action=\"\/de\/wp-json\/wp\/v2\/pages\/614#wpcf7-f619-o1\" method=\"post\" class=\"wpcf7-form init\" aria-label=\"Kontaktformular\" novalidate=\"novalidate\" data-status=\"init\">\n<div style=\"display: none;\">\n<input type=\"hidden\" name=\"_wpcf7\" value=\"619\" \/>\n<input type=\"hidden\" name=\"_wpcf7_version\" value=\"5.9.8\" \/>\n<input type=\"hidden\" name=\"_wpcf7_locale\" value=\"de_DE\" \/>\n<input type=\"hidden\" name=\"_wpcf7_unit_tag\" value=\"wpcf7-f619-o1\" \/>\n<input type=\"hidden\" name=\"_wpcf7_container_post\" value=\"0\" \/>\n<input type=\"hidden\" name=\"_wpcf7_posted_data_hash\" value=\"\" \/>\n<\/div>\n<p><label> E-Mail<br \/>\n<span class=\"wpcf7-form-control-wrap\" data-name=\"your-email\"><input size=\"40\" maxlength=\"400\" class=\"wpcf7-form-control wpcf7-email wpcf7-validates-as-required wpcf7-text wpcf7-validates-as-email\" autocomplete=\"email\" aria-required=\"true\" aria-invalid=\"false\" value=\"\" type=\"email\" name=\"your-email\" \/><\/span> <\/label>\n<\/p>\n<p><label> Nachricht<br \/>\n<span class=\"wpcf7-form-control-wrap\" data-name=\"your-message\"><textarea cols=\"40\" rows=\"10\" maxlength=\"2000\" class=\"wpcf7-form-control wpcf7-textarea\" aria-invalid=\"false\" name=\"your-message\"><\/textarea><\/span> <\/label>\n<\/p>\n<p><span class=\"wpcf7-form-control-wrap\" data-name=\"acceptance-772\"><span class=\"wpcf7-form-control wpcf7-acceptance\"><span class=\"wpcf7-list-item\"><label><input type=\"checkbox\" name=\"acceptance-772\" value=\"1\" aria-invalid=\"false\" \/><span class=\"wpcf7-list-item-label\">Akzeptanz <a href=\"https:\/\/www.iubenda.com\/privacy-policy\/56261263\" target=\"_blank\">Datenschutzbestimmungen<\/a><\/span><\/label><\/span><\/span><\/span>\n<\/p>\n<p><input class=\"wpcf7-form-control wpcf7-submit has-spinner\" type=\"submit\" value=\"Senden\" \/>\n<\/p><div class=\"wpcf7-response-output\" aria-hidden=\"true\"><\/div>\n<\/form>\n<\/div>\n\n\n\n\t\t<\/div>\n\t\t\t\t\n<style>\n#col-865314589 > .col-inner {\n  margin: 20px 0px 0px 0px;\n}\n<\/style>\n\t<\/div>\n\n\t\n\n<\/div>\n\n\t\t<\/div>\n\t\t\t\t\n<style>\n#col-687820231 > .col-inner {\n  padding: 50px 30px 0px 30px;\n  border-radius: 10px;\n}\n@media (min-width:550px) {\n  #col-687820231 > .col-inner {\n    padding: 30px 30px 0px 30px;\n  }\n}\n@media (min-width:850px) {\n  #col-687820231 > .col-inner {\n    padding: 60px 60px 20px 60px;\n  }\n}\n<\/style>\n\t<\/div>\n\n\t\n\n<\/div>\n\n\t\t<\/div>\n\n\t\t\n<style>\n#section_1183668817 {\n  padding-top: 80px;\n  padding-bottom: 80px;\n  min-height: 450px;\n}\n#section_1183668817 .section-bg img {\n  object-position: 50% 44%;\n}\n<\/style>\n\t<\/section>\n\t\n\n","protected":false},"excerpt":{"rendered":"","protected":false},"author":1,"featured_media":0,"parent":0,"menu_order":0,"comment_status":"closed","ping_status":"closed","template":"","meta":{"footnotes":""},"class_list":["post-614","page","type-page","status-publish","hentry"],"yoast_head":"<!-- This site is optimized with the Yoast SEO plugin v23.5 - https:\/\/yoast.com\/wordpress\/plugins\/seo\/ -->\n<title>Preis Liste - Carraro Lab Education<\/title>\n<meta name=\"robots\" content=\"index, follow, max-snippet:-1, max-image-preview:large, max-video-preview:-1\" \/>\n<link rel=\"canonical\" href=\"https:\/\/education.carraro-lab.com\/de\/preis-liste\/\" \/>\n<meta property=\"og:locale\" content=\"de_DE\" \/>\n<meta property=\"og:type\" content=\"article\" \/>\n<meta property=\"og:title\" content=\"Preis Liste - Carraro Lab Education\" \/>\n<meta property=\"og:url\" content=\"https:\/\/education.carraro-lab.com\/de\/preis-liste\/\" \/>\n<meta property=\"og:site_name\" content=\"Carraro Lab Education\" \/>\n<meta property=\"article:publisher\" content=\"https:\/\/www.facebook.com\/people\/Carrarolab\/100065216100165\/\" \/>\n<meta property=\"article:modified_time\" content=\"2025-05-06T14:06:31+00:00\" \/>\n<meta name=\"twitter:card\" content=\"summary_large_image\" \/>\n<meta name=\"twitter:label1\" content=\"Gesch\u00e4tzte Lesezeit\" \/>\n\t<meta name=\"twitter:data1\" content=\"2\u00a0Minuten\" \/>\n<script type=\"application\/ld+json\" class=\"yoast-schema-graph\">{\"@context\":\"https:\/\/schema.org\",\"@graph\":[{\"@type\":\"WebPage\",\"@id\":\"https:\/\/education.carraro-lab.com\/de\/preis-liste\/\",\"url\":\"https:\/\/education.carraro-lab.com\/de\/preis-liste\/\",\"name\":\"Preis Liste - Carraro Lab Education\",\"isPartOf\":{\"@id\":\"https:\/\/education.carraro-lab.com\/#website\"},\"datePublished\":\"2024-09-12T10:15:11+00:00\",\"dateModified\":\"2025-05-06T14:06:31+00:00\",\"breadcrumb\":{\"@id\":\"https:\/\/education.carraro-lab.com\/de\/preis-liste\/#breadcrumb\"},\"inLanguage\":\"de\",\"potentialAction\":[{\"@type\":\"ReadAction\",\"target\":[\"https:\/\/education.carraro-lab.com\/de\/preis-liste\/\"]}]},{\"@type\":\"BreadcrumbList\",\"@id\":\"https:\/\/education.carraro-lab.com\/de\/preis-liste\/#breadcrumb\",\"itemListElement\":[{\"@type\":\"ListItem\",\"position\":1,\"name\":\"Home\",\"item\":\"https:\/\/education.carraro-lab.com\/de\/\"},{\"@type\":\"ListItem\",\"position\":2,\"name\":\"Preis Liste\"}]},{\"@type\":\"WebSite\",\"@id\":\"https:\/\/education.carraro-lab.com\/#website\",\"url\":\"https:\/\/education.carraro-lab.com\/\",\"name\":\"Carraro Lab Education\",\"description\":\"\",\"publisher\":{\"@id\":\"https:\/\/education.carraro-lab.com\/#organization\"},\"potentialAction\":[{\"@type\":\"SearchAction\",\"target\":{\"@type\":\"EntryPoint\",\"urlTemplate\":\"https:\/\/education.carraro-lab.com\/?s={search_term_string}\"},\"query-input\":{\"@type\":\"PropertyValueSpecification\",\"valueRequired\":true,\"valueName\":\"search_term_string\"}}],\"inLanguage\":\"de\"},{\"@type\":\"Organization\",\"@id\":\"https:\/\/education.carraro-lab.com\/#organization\",\"name\":\"Carraro Lab Education\",\"url\":\"https:\/\/education.carraro-lab.com\/\",\"logo\":{\"@type\":\"ImageObject\",\"inLanguage\":\"de\",\"@id\":\"https:\/\/education.carraro-lab.com\/#\/schema\/logo\/image\/\",\"url\":\"https:\/\/education.carraro-lab.com\/wp-content\/uploads\/2024\/10\/carraro-lab-education-logo.png\",\"contentUrl\":\"https:\/\/education.carraro-lab.com\/wp-content\/uploads\/2024\/10\/carraro-lab-education-logo.png\",\"width\":1024,\"height\":192,\"caption\":\"Carraro Lab Education\"},\"image\":{\"@id\":\"https:\/\/education.carraro-lab.com\/#\/schema\/logo\/image\/\"},\"sameAs\":[\"https:\/\/www.facebook.com\/people\/Carrarolab\/100065216100165\/\",\"https:\/\/www.linkedin.com\/company\/carraro-lab\/\"]}]}<\/script>\n<!-- \/ Yoast SEO plugin. -->","yoast_head_json":{"title":"Preis Liste - Carraro Lab Education","robots":{"index":"index","follow":"follow","max-snippet":"max-snippet:-1","max-image-preview":"max-image-preview:large","max-video-preview":"max-video-preview:-1"},"canonical":"https:\/\/education.carraro-lab.com\/de\/preis-liste\/","og_locale":"de_DE","og_type":"article","og_title":"Preis Liste - Carraro Lab Education","og_url":"https:\/\/education.carraro-lab.com\/de\/preis-liste\/","og_site_name":"Carraro Lab Education","article_publisher":"https:\/\/www.facebook.com\/people\/Carrarolab\/100065216100165\/","article_modified_time":"2025-05-06T14:06:31+00:00","twitter_card":"summary_large_image","twitter_misc":{"Gesch\u00e4tzte Lesezeit":"2\u00a0Minuten"},"schema":{"@context":"https:\/\/schema.org","@graph":[{"@type":"WebPage","@id":"https:\/\/education.carraro-lab.com\/de\/preis-liste\/","url":"https:\/\/education.carraro-lab.com\/de\/preis-liste\/","name":"Preis Liste - Carraro Lab Education","isPartOf":{"@id":"https:\/\/education.carraro-lab.com\/#website"},"datePublished":"2024-09-12T10:15:11+00:00","dateModified":"2025-05-06T14:06:31+00:00","breadcrumb":{"@id":"https:\/\/education.carraro-lab.com\/de\/preis-liste\/#breadcrumb"},"inLanguage":"de","potentialAction":[{"@type":"ReadAction","target":["https:\/\/education.carraro-lab.com\/de\/preis-liste\/"]}]},{"@type":"BreadcrumbList","@id":"https:\/\/education.carraro-lab.com\/de\/preis-liste\/#breadcrumb","itemListElement":[{"@type":"ListItem","position":1,"name":"Home","item":"https:\/\/education.carraro-lab.com\/de\/"},{"@type":"ListItem","position":2,"name":"Preis Liste"}]},{"@type":"WebSite","@id":"https:\/\/education.carraro-lab.com\/#website","url":"https:\/\/education.carraro-lab.com\/","name":"Carraro Lab Education","description":"","publisher":{"@id":"https:\/\/education.carraro-lab.com\/#organization"},"potentialAction":[{"@type":"SearchAction","target":{"@type":"EntryPoint","urlTemplate":"https:\/\/education.carraro-lab.com\/?s={search_term_string}"},"query-input":{"@type":"PropertyValueSpecification","valueRequired":true,"valueName":"search_term_string"}}],"inLanguage":"de"},{"@type":"Organization","@id":"https:\/\/education.carraro-lab.com\/#organization","name":"Carraro Lab Education","url":"https:\/\/education.carraro-lab.com\/","logo":{"@type":"ImageObject","inLanguage":"de","@id":"https:\/\/education.carraro-lab.com\/#\/schema\/logo\/image\/","url":"https:\/\/education.carraro-lab.com\/wp-content\/uploads\/2024\/10\/carraro-lab-education-logo.png","contentUrl":"https:\/\/education.carraro-lab.com\/wp-content\/uploads\/2024\/10\/carraro-lab-education-logo.png","width":1024,"height":192,"caption":"Carraro Lab Education"},"image":{"@id":"https:\/\/education.carraro-lab.com\/#\/schema\/logo\/image\/"},"sameAs":["https:\/\/www.facebook.com\/people\/Carrarolab\/100065216100165\/","https:\/\/www.linkedin.com\/company\/carraro-lab\/"]}]}},"_links":{"self":[{"href":"https:\/\/education.carraro-lab.com\/de\/wp-json\/wp\/v2\/pages\/614"}],"collection":[{"href":"https:\/\/education.carraro-lab.com\/de\/wp-json\/wp\/v2\/pages"}],"about":[{"href":"https:\/\/education.carraro-lab.com\/de\/wp-json\/wp\/v2\/types\/page"}],"author":[{"embeddable":true,"href":"https:\/\/education.carraro-lab.com\/de\/wp-json\/wp\/v2\/users\/1"}],"replies":[{"embeddable":true,"href":"https:\/\/education.carraro-lab.com\/de\/wp-json\/wp\/v2\/comments?post=614"}],"version-history":[{"count":2,"href":"https:\/\/education.carraro-lab.com\/de\/wp-json\/wp\/v2\/pages\/614\/revisions"}],"predecessor-version":[{"id":836,"href":"https:\/\/education.carraro-lab.com\/de\/wp-json\/wp\/v2\/pages\/614\/revisions\/836"}],"wp:attachment":[{"href":"https:\/\/education.carraro-lab.com\/de\/wp-json\/wp\/v2\/media?parent=614"}],"curies":[{"name":"wp","href":"https:\/\/api.w.org\/{rel}","templated":true}]}}